{"id":10750,"date":"2022-11-04T14:35:45","date_gmt":"2022-11-04T13:35:45","guid":{"rendered":"https:\/\/www.smava.de\/baufinanzierung\/?page_id=10750"},"modified":"2025-04-10T14:44:02","modified_gmt":"2025-04-10T12:44:02","slug":"teilungserklaerung","status":"publish","type":"page","link":"https:\/\/www.smava.de\/baufinanzierung\/teilungserklaerung\/","title":{"rendered":"Teilungserkl\u00e4rung"},"content":{"rendered":"","protected":false},"excerpt":{"rendered":"","protected":false},"author":5,"featured_media":0,"parent":0,"menu_order":0,"comment_status":"closed","ping_status":"closed","template":"page-lp-2019.php","meta":{"_acf_changed":false,"footnotes":""},"class_list":["post-10750","page","type-page","status-publish","hentry"],"acf":[],"yoast_head":"<!-- This site is optimized with the Yoast SEO plugin v26.3 - https:\/\/yoast.com\/wordpress\/plugins\/seo\/ -->\n<title>Per Teilungserkl\u00e4rung Immobilien aufteilen | SMAVA<\/title>\n<meta name=\"description\" content=\"So teilen Sie Ihre Immobilie per Teilungserkl\u00e4rung in Wohnungseigent\u00fcmer auf \u25ba Inhalt \u25ba Vorgehen \u25ba Kosten auf smava.de\" \/>\n<meta name=\"robots\" content=\"index, follow, max-snippet:-1, max-image-preview:large, max-video-preview:-1\" \/>\n<link rel=\"canonical\" href=\"https:\/\/www.smava.de\/baufinanzierung\/teilungserklaerung\/\" \/>\n<meta property=\"og:locale\" content=\"de_DE\" \/>\n<meta property=\"og:type\" content=\"article\" \/>\n<meta property=\"og:title\" content=\"Per Teilungserkl\u00e4rung Immobilien aufteilen | SMAVA\" \/>\n<meta property=\"og:description\" content=\"So teilen Sie Ihre Immobilie per Teilungserkl\u00e4rung in Wohnungseigent\u00fcmer auf \u25ba Inhalt \u25ba Vorgehen \u25ba Kosten auf smava.de\" \/>\n<meta property=\"og:url\" content=\"https:\/\/www.smava.de\/baufinanzierung\/teilungserklaerung\/\" \/>\n<meta property=\"og:site_name\" content=\"Baufinanzierung\" \/>\n<meta property=\"article:publisher\" content=\"https:\/\/www.facebook.com\/p\/smava-100064534726416\/\" \/>\n<meta property=\"article:modified_time\" content=\"2025-04-10T12:44:02+00:00\" \/>\n<!-- \/ Yoast SEO plugin. -->","yoast_head_json":{"title":"Per Teilungserkl\u00e4rung Immobilien aufteilen | SMAVA","description":"So teilen Sie Ihre Immobilie per Teilungserkl\u00e4rung in Wohnungseigent\u00fcmer auf \u25ba Inhalt \u25ba Vorgehen \u25ba Kosten auf smava.de","robots":{"index":"index","follow":"follow","max-snippet":"max-snippet:-1","max-image-preview":"max-image-preview:large","max-video-preview":"max-video-preview:-1"},"canonical":"https:\/\/www.smava.de\/baufinanzierung\/teilungserklaerung\/","og_locale":"de_DE","og_type":"article","og_title":"Per Teilungserkl\u00e4rung Immobilien aufteilen | SMAVA","og_description":"So teilen Sie Ihre Immobilie per Teilungserkl\u00e4rung in Wohnungseigent\u00fcmer auf \u25ba Inhalt \u25ba Vorgehen \u25ba Kosten auf smava.de","og_url":"https:\/\/www.smava.de\/baufinanzierung\/teilungserklaerung\/","og_site_name":"Baufinanzierung","article_publisher":"https:\/\/www.facebook.com\/p\/smava-100064534726416\/","article_modified_time":"2025-04-10T12:44:02+00:00","schema":{"@context":"https:\/\/schema.org","@graph":[{"@type":"WebPage","@id":"https:\/\/www.smava.de\/baufinanzierung\/teilungserklaerung\/","url":"https:\/\/www.smava.de\/baufinanzierung\/teilungserklaerung\/","name":"Per Teilungserkl\u00e4rung Immobilien aufteilen | SMAVA","isPartOf":{"@id":"https:\/\/www.smava.de\/baufinanzierung\/#website"},"datePublished":"2022-11-04T13:35:45+00:00","dateModified":"2025-04-10T12:44:02+00:00","description":"So teilen Sie Ihre Immobilie per Teilungserkl\u00e4rung in Wohnungseigent\u00fcmer auf \u25ba Inhalt \u25ba Vorgehen \u25ba Kosten auf smava.de","breadcrumb":{"@id":"https:\/\/www.smava.de\/baufinanzierung\/teilungserklaerung\/#breadcrumb"},"inLanguage":"de","potentialAction":[{"@type":"ReadAction","target":["https:\/\/www.smava.de\/baufinanzierung\/teilungserklaerung\/"]}]},{"@type":"BreadcrumbList","@id":"https:\/\/www.smava.de\/baufinanzierung\/teilungserklaerung\/#breadcrumb","itemListElement":[{"@type":"ListItem","position":1,"name":"Home","item":"https:\/\/www.smava.de\/baufinanzierung\/"},{"@type":"ListItem","position":2,"name":"Teilungserkl\u00e4rung"}]},{"@type":"WebSite","@id":"https:\/\/www.smava.de\/baufinanzierung\/#website","url":"https:\/\/www.smava.de\/baufinanzierung\/","name":"smava","description":"","publisher":{"@id":"https:\/\/www.smava.de\/baufinanzierung\/#organization"},"potentialAction":[{"@type":"SearchAction","target":{"@type":"EntryPoint","urlTemplate":"https:\/\/www.smava.de\/baufinanzierung\/?s={search_term_string}"},"query-input":{"@type":"PropertyValueSpecification","valueRequired":true,"valueName":"search_term_string"}}],"inLanguage":"de"},{"@type":"Organization","@id":"https:\/\/www.smava.de\/baufinanzierung\/#organization","name":"smava GmbH","alternateName":"smava","url":"https:\/\/www.smava.de\/baufinanzierung\/","logo":{"@type":"ImageObject","inLanguage":"de","@id":"https:\/\/www.smava.de\/baufinanzierung\/#\/schema\/logo\/image\/","url":"https:\/\/www.smava.de\/baufinanzierung\/wp-content\/uploads\/2025\/10\/logo.png","contentUrl":"https:\/\/www.smava.de\/baufinanzierung\/wp-content\/uploads\/2025\/10\/logo.png","width":512,"height":557,"caption":"smava GmbH"},"image":{"@id":"https:\/\/www.smava.de\/baufinanzierung\/#\/schema\/logo\/image\/"},"sameAs":["https:\/\/www.facebook.com\/p\/smava-100064534726416\/","https:\/\/x.com\/smava","https:\/\/de.linkedin.com\/company\/smava","https:\/\/www.instagram.com\/smava_gmbh\/","https:\/\/www.youtube.com\/@smava."]}]}},"_links":{"self":[{"href":"https:\/\/www.smava.de\/baufinanzierung\/wp-json\/wp\/v2\/pages\/10750","targetHints":{"allow":["GET"]}}],"collection":[{"href":"https:\/\/www.smava.de\/baufinanzierung\/wp-json\/wp\/v2\/pages"}],"about":[{"href":"https:\/\/www.smava.de\/baufinanzierung\/wp-json\/wp\/v2\/types\/page"}],"author":[{"embeddable":true,"href":"https:\/\/www.smava.de\/baufinanzierung\/wp-json\/wp\/v2\/users\/5"}],"replies":[{"embeddable":true,"href":"https:\/\/www.smava.de\/baufinanzierung\/wp-json\/wp\/v2\/comments?post=10750"}],"version-history":[{"count":47,"href":"https:\/\/www.smava.de\/baufinanzierung\/wp-json\/wp\/v2\/pages\/10750\/revisions"}],"predecessor-version":[{"id":12106,"href":"https:\/\/www.smava.de\/baufinanzierung\/wp-json\/wp\/v2\/pages\/10750\/revisions\/12106"}],"wp:attachment":[{"href":"https:\/\/www.smava.de\/baufinanzierung\/wp-json\/wp\/v2\/media?parent=10750"}],"curies":[{"name":"wp","href":"https:\/\/api.w.org\/{rel}","templated":true}]}}