{"id":11562,"date":"2025-01-27T11:50:42","date_gmt":"2025-01-27T10:50:42","guid":{"rendered":"https:\/\/www.smava.de\/baufinanzierung\/?page_id=11562"},"modified":"2025-06-27T10:42:02","modified_gmt":"2025-06-27T08:42:02","slug":"regionale-foerderung-beim-hauskauf-und-bau","status":"publish","type":"page","link":"https:\/\/www.smava.de\/baufinanzierung\/regionale-foerderung-beim-hauskauf-und-bau\/","title":{"rendered":"Regionale F\u00f6rderung beim Hauskauf und -bau"},"content":{"rendered":"","protected":false},"excerpt":{"rendered":"","protected":false},"author":5,"featured_media":0,"parent":0,"menu_order":0,"comment_status":"closed","ping_status":"closed","template":"page-lp-2019.php","meta":{"_acf_changed":false,"footnotes":""},"class_list":["post-11562","page","type-page","status-publish","hentry"],"acf":[],"yoast_head":"<!-- This site is optimized with the Yoast SEO plugin v26.3 - https:\/\/yoast.com\/wordpress\/plugins\/seo\/ -->\n<title>Regionale F\u00f6rdermittel f\u00fcr Hauskauf und Hausbau im \u00dcberblick<\/title>\n<meta name=\"description\" content=\"Wo gibt es F\u00f6rdergelder jenseits der Bundesmittel? Was ist alles m\u00f6glich und wo findet man das Geld? smava.de zeigt es auf!\" \/>\n<meta name=\"robots\" content=\"index, follow, max-snippet:-1, max-image-preview:large, max-video-preview:-1\" \/>\n<link rel=\"canonical\" href=\"https:\/\/www.smava.de\/baufinanzierung\/regionale-foerderung-beim-hauskauf-und-bau\/\" \/>\n<meta property=\"og:locale\" content=\"de_DE\" \/>\n<meta property=\"og:type\" content=\"article\" \/>\n<meta property=\"og:title\" content=\"Regionale F\u00f6rdermittel f\u00fcr Hauskauf und Hausbau im \u00dcberblick\" \/>\n<meta property=\"og:description\" content=\"Wo gibt es F\u00f6rdergelder jenseits der Bundesmittel? Was ist alles m\u00f6glich und wo findet man das Geld? smava.de zeigt es auf!\" \/>\n<meta property=\"og:url\" content=\"https:\/\/www.smava.de\/baufinanzierung\/regionale-foerderung-beim-hauskauf-und-bau\/\" \/>\n<meta property=\"og:site_name\" content=\"Baufinanzierung\" \/>\n<meta property=\"article:publisher\" content=\"https:\/\/www.facebook.com\/p\/smava-100064534726416\/\" \/>\n<meta property=\"article:modified_time\" content=\"2025-06-27T08:42:02+00:00\" \/>\n<!-- \/ Yoast SEO plugin. -->","yoast_head_json":{"title":"Regionale F\u00f6rdermittel f\u00fcr Hauskauf und Hausbau im \u00dcberblick","description":"Wo gibt es F\u00f6rdergelder jenseits der Bundesmittel? Was ist alles m\u00f6glich und wo findet man das Geld? smava.de zeigt es auf!","robots":{"index":"index","follow":"follow","max-snippet":"max-snippet:-1","max-image-preview":"max-image-preview:large","max-video-preview":"max-video-preview:-1"},"canonical":"https:\/\/www.smava.de\/baufinanzierung\/regionale-foerderung-beim-hauskauf-und-bau\/","og_locale":"de_DE","og_type":"article","og_title":"Regionale F\u00f6rdermittel f\u00fcr Hauskauf und Hausbau im \u00dcberblick","og_description":"Wo gibt es F\u00f6rdergelder jenseits der Bundesmittel? Was ist alles m\u00f6glich und wo findet man das Geld? smava.de zeigt es auf!","og_url":"https:\/\/www.smava.de\/baufinanzierung\/regionale-foerderung-beim-hauskauf-und-bau\/","og_site_name":"Baufinanzierung","article_publisher":"https:\/\/www.facebook.com\/p\/smava-100064534726416\/","article_modified_time":"2025-06-27T08:42:02+00:00","schema":{"@context":"https:\/\/schema.org","@graph":[{"@type":"WebPage","@id":"https:\/\/www.smava.de\/baufinanzierung\/regionale-foerderung-beim-hauskauf-und-bau\/","url":"https:\/\/www.smava.de\/baufinanzierung\/regionale-foerderung-beim-hauskauf-und-bau\/","name":"Regionale F\u00f6rdermittel f\u00fcr Hauskauf und Hausbau im \u00dcberblick","isPartOf":{"@id":"https:\/\/www.smava.de\/baufinanzierung\/#website"},"datePublished":"2025-01-27T10:50:42+00:00","dateModified":"2025-06-27T08:42:02+00:00","description":"Wo gibt es F\u00f6rdergelder jenseits der Bundesmittel? Was ist alles m\u00f6glich und wo findet man das Geld? smava.de zeigt es auf!","breadcrumb":{"@id":"https:\/\/www.smava.de\/baufinanzierung\/regionale-foerderung-beim-hauskauf-und-bau\/#breadcrumb"},"inLanguage":"de","potentialAction":[{"@type":"ReadAction","target":["https:\/\/www.smava.de\/baufinanzierung\/regionale-foerderung-beim-hauskauf-und-bau\/"]}]},{"@type":"BreadcrumbList","@id":"https:\/\/www.smava.de\/baufinanzierung\/regionale-foerderung-beim-hauskauf-und-bau\/#breadcrumb","itemListElement":[{"@type":"ListItem","position":1,"name":"Home","item":"https:\/\/www.smava.de\/baufinanzierung\/"},{"@type":"ListItem","position":2,"name":"Regionale F\u00f6rderung beim Hauskauf und -bau"}]},{"@type":"WebSite","@id":"https:\/\/www.smava.de\/baufinanzierung\/#website","url":"https:\/\/www.smava.de\/baufinanzierung\/","name":"smava","description":"","publisher":{"@id":"https:\/\/www.smava.de\/baufinanzierung\/#organization"},"potentialAction":[{"@type":"SearchAction","target":{"@type":"EntryPoint","urlTemplate":"https:\/\/www.smava.de\/baufinanzierung\/?s={search_term_string}"},"query-input":{"@type":"PropertyValueSpecification","valueRequired":true,"valueName":"search_term_string"}}],"inLanguage":"de"},{"@type":"Organization","@id":"https:\/\/www.smava.de\/baufinanzierung\/#organization","name":"smava GmbH","alternateName":"smava","url":"https:\/\/www.smava.de\/baufinanzierung\/","logo":{"@type":"ImageObject","inLanguage":"de","@id":"https:\/\/www.smava.de\/baufinanzierung\/#\/schema\/logo\/image\/","url":"https:\/\/www.smava.de\/baufinanzierung\/wp-content\/uploads\/2025\/10\/logo.png","contentUrl":"https:\/\/www.smava.de\/baufinanzierung\/wp-content\/uploads\/2025\/10\/logo.png","width":512,"height":557,"caption":"smava GmbH"},"image":{"@id":"https:\/\/www.smava.de\/baufinanzierung\/#\/schema\/logo\/image\/"},"sameAs":["https:\/\/www.facebook.com\/p\/smava-100064534726416\/","https:\/\/x.com\/smava","https:\/\/de.linkedin.com\/company\/smava","https:\/\/www.instagram.com\/smava_gmbh\/","https:\/\/www.youtube.com\/@smava."]}]}},"_links":{"self":[{"href":"https:\/\/www.smava.de\/baufinanzierung\/wp-json\/wp\/v2\/pages\/11562","targetHints":{"allow":["GET"]}}],"collection":[{"href":"https:\/\/www.smava.de\/baufinanzierung\/wp-json\/wp\/v2\/pages"}],"about":[{"href":"https:\/\/www.smava.de\/baufinanzierung\/wp-json\/wp\/v2\/types\/page"}],"author":[{"embeddable":true,"href":"https:\/\/www.smava.de\/baufinanzierung\/wp-json\/wp\/v2\/users\/5"}],"replies":[{"embeddable":true,"href":"https:\/\/www.smava.de\/baufinanzierung\/wp-json\/wp\/v2\/comments?post=11562"}],"version-history":[{"count":16,"href":"https:\/\/www.smava.de\/baufinanzierung\/wp-json\/wp\/v2\/pages\/11562\/revisions"}],"predecessor-version":[{"id":12153,"href":"https:\/\/www.smava.de\/baufinanzierung\/wp-json\/wp\/v2\/pages\/11562\/revisions\/12153"}],"wp:attachment":[{"href":"https:\/\/www.smava.de\/baufinanzierung\/wp-json\/wp\/v2\/media?parent=11562"}],"curies":[{"name":"wp","href":"https:\/\/api.w.org\/{rel}","templated":true}]}}