{"id":8218,"date":"2021-09-06T10:33:43","date_gmt":"2021-09-06T08:33:43","guid":{"rendered":"https:\/\/www.smava.de\/baufinanzierung\/?page_id=8218"},"modified":"2026-02-18T14:27:34","modified_gmt":"2026-02-18T13:27:34","slug":"immobilienkredit","status":"publish","type":"page","link":"https:\/\/www.smava.de\/baufinanzierung\/immobilienkredit\/","title":{"rendered":"Immobilienkredit"},"content":{"rendered":"","protected":false},"excerpt":{"rendered":"","protected":false},"author":1,"featured_media":0,"parent":0,"menu_order":0,"comment_status":"closed","ping_status":"closed","template":"","meta":{"_acf_changed":false,"footnotes":""},"class_list":["post-8218","page","type-page","status-publish","hentry"],"acf":[],"yoast_head":"<!-- This site is optimized with the Yoast SEO plugin v26.3 - https:\/\/yoast.com\/wordpress\/plugins\/seo\/ -->\n<title>Immobilienkredit \u2013 Finanzierung f\u00fcr Haus, Wohnung &amp; Grundst\u00fcck<\/title>\n<meta name=\"description\" content=\"Immobilienkredit \u00fcber smava.de vergleichen: g\u00fcnstige Zinsen, flexible Laufzeiten &amp; transparente Angebote. Jetzt Traumimmobilie finanzieren.\" \/>\n<meta name=\"robots\" content=\"index, follow, max-snippet:-1, max-image-preview:large, max-video-preview:-1\" \/>\n<link rel=\"canonical\" href=\"https:\/\/www.smava.de\/baufinanzierung\/immobilienkredit\/\" \/>\n<meta property=\"og:locale\" content=\"de_DE\" \/>\n<meta property=\"og:type\" content=\"article\" \/>\n<meta property=\"og:title\" content=\"Immobilienkredit \u2013 Finanzierung f\u00fcr Haus, Wohnung &amp; Grundst\u00fcck\" \/>\n<meta property=\"og:description\" content=\"Immobilienkredit \u00fcber smava.de vergleichen: g\u00fcnstige Zinsen, flexible Laufzeiten &amp; transparente Angebote. Jetzt Traumimmobilie finanzieren.\" \/>\n<meta property=\"og:url\" content=\"https:\/\/www.smava.de\/baufinanzierung\/immobilienkredit\/\" \/>\n<meta property=\"og:site_name\" content=\"Baufinanzierung\" \/>\n<meta property=\"article:publisher\" content=\"https:\/\/www.facebook.com\/p\/smava-100064534726416\/\" \/>\n<meta property=\"article:modified_time\" content=\"2026-02-18T13:27:34+00:00\" \/>\n<!-- \/ Yoast SEO plugin. -->","yoast_head_json":{"title":"Immobilienkredit \u2013 Finanzierung f\u00fcr Haus, Wohnung & Grundst\u00fcck","description":"Immobilienkredit \u00fcber smava.de vergleichen: g\u00fcnstige Zinsen, flexible Laufzeiten & transparente Angebote. Jetzt Traumimmobilie finanzieren.","robots":{"index":"index","follow":"follow","max-snippet":"max-snippet:-1","max-image-preview":"max-image-preview:large","max-video-preview":"max-video-preview:-1"},"canonical":"https:\/\/www.smava.de\/baufinanzierung\/immobilienkredit\/","og_locale":"de_DE","og_type":"article","og_title":"Immobilienkredit \u2013 Finanzierung f\u00fcr Haus, Wohnung & Grundst\u00fcck","og_description":"Immobilienkredit \u00fcber smava.de vergleichen: g\u00fcnstige Zinsen, flexible Laufzeiten & transparente Angebote. Jetzt Traumimmobilie finanzieren.","og_url":"https:\/\/www.smava.de\/baufinanzierung\/immobilienkredit\/","og_site_name":"Baufinanzierung","article_publisher":"https:\/\/www.facebook.com\/p\/smava-100064534726416\/","article_modified_time":"2026-02-18T13:27:34+00:00","schema":{"@context":"https:\/\/schema.org","@graph":[{"@type":"WebPage","@id":"https:\/\/www.smava.de\/baufinanzierung\/immobilienkredit\/","url":"https:\/\/www.smava.de\/baufinanzierung\/immobilienkredit\/","name":"Immobilienkredit \u2013 Finanzierung f\u00fcr Haus, Wohnung & Grundst\u00fcck","isPartOf":{"@id":"https:\/\/www.smava.de\/baufinanzierung\/#website"},"datePublished":"2021-09-06T08:33:43+00:00","dateModified":"2026-02-18T13:27:34+00:00","description":"Immobilienkredit \u00fcber smava.de vergleichen: g\u00fcnstige Zinsen, flexible Laufzeiten & transparente Angebote. Jetzt Traumimmobilie finanzieren.","breadcrumb":{"@id":"https:\/\/www.smava.de\/baufinanzierung\/immobilienkredit\/#breadcrumb"},"inLanguage":"de","potentialAction":[{"@type":"ReadAction","target":["https:\/\/www.smava.de\/baufinanzierung\/immobilienkredit\/"]}]},{"@type":"BreadcrumbList","@id":"https:\/\/www.smava.de\/baufinanzierung\/immobilienkredit\/#breadcrumb","itemListElement":[{"@type":"ListItem","position":1,"name":"Home","item":"https:\/\/www.smava.de\/baufinanzierung\/"},{"@type":"ListItem","position":2,"name":"Immobilienkredit"}]},{"@type":"WebSite","@id":"https:\/\/www.smava.de\/baufinanzierung\/#website","url":"https:\/\/www.smava.de\/baufinanzierung\/","name":"smava","description":"","publisher":{"@id":"https:\/\/www.smava.de\/baufinanzierung\/#organization"},"potentialAction":[{"@type":"SearchAction","target":{"@type":"EntryPoint","urlTemplate":"https:\/\/www.smava.de\/baufinanzierung\/?s={search_term_string}"},"query-input":{"@type":"PropertyValueSpecification","valueRequired":true,"valueName":"search_term_string"}}],"inLanguage":"de"},{"@type":"Organization","@id":"https:\/\/www.smava.de\/baufinanzierung\/#organization","name":"smava GmbH","alternateName":"smava","url":"https:\/\/www.smava.de\/baufinanzierung\/","logo":{"@type":"ImageObject","inLanguage":"de","@id":"https:\/\/www.smava.de\/baufinanzierung\/#\/schema\/logo\/image\/","url":"https:\/\/www.smava.de\/baufinanzierung\/wp-content\/uploads\/2025\/10\/logo.png","contentUrl":"https:\/\/www.smava.de\/baufinanzierung\/wp-content\/uploads\/2025\/10\/logo.png","width":512,"height":557,"caption":"smava GmbH"},"image":{"@id":"https:\/\/www.smava.de\/baufinanzierung\/#\/schema\/logo\/image\/"},"sameAs":["https:\/\/www.facebook.com\/p\/smava-100064534726416\/","https:\/\/x.com\/smava","https:\/\/de.linkedin.com\/company\/smava","https:\/\/www.instagram.com\/smava_gmbh\/","https:\/\/www.youtube.com\/@smava."]}]}},"_links":{"self":[{"href":"https:\/\/www.smava.de\/baufinanzierung\/wp-json\/wp\/v2\/pages\/8218","targetHints":{"allow":["GET"]}}],"collection":[{"href":"https:\/\/www.smava.de\/baufinanzierung\/wp-json\/wp\/v2\/pages"}],"about":[{"href":"https:\/\/www.smava.de\/baufinanzierung\/wp-json\/wp\/v2\/types\/page"}],"author":[{"embeddable":true,"href":"https:\/\/www.smava.de\/baufinanzierung\/wp-json\/wp\/v2\/users\/1"}],"replies":[{"embeddable":true,"href":"https:\/\/www.smava.de\/baufinanzierung\/wp-json\/wp\/v2\/comments?post=8218"}],"version-history":[{"count":62,"href":"https:\/\/www.smava.de\/baufinanzierung\/wp-json\/wp\/v2\/pages\/8218\/revisions"}],"predecessor-version":[{"id":12547,"href":"https:\/\/www.smava.de\/baufinanzierung\/wp-json\/wp\/v2\/pages\/8218\/revisions\/12547"}],"wp:attachment":[{"href":"https:\/\/www.smava.de\/baufinanzierung\/wp-json\/wp\/v2\/media?parent=8218"}],"curies":[{"name":"wp","href":"https:\/\/api.w.org\/{rel}","templated":true}]}}