{"id":1231,"date":"2026-03-05T11:40:18","date_gmt":"2026-03-05T10:40:18","guid":{"rendered":"https:\/\/www.smava.de\/kreditkarte\/?page_id=1231"},"modified":"2026-04-10T10:24:53","modified_gmt":"2026-04-10T08:24:53","slug":"tf-bank","status":"publish","type":"page","link":"https:\/\/www.smava.de\/kreditkarte\/tf-bank\/","title":{"rendered":"TF Bank"},"content":{"rendered":"","protected":false},"excerpt":{"rendered":"","protected":false},"author":1,"featured_media":0,"parent":0,"menu_order":0,"comment_status":"closed","ping_status":"closed","template":"","meta":{"_acf_changed":false,"footnotes":""},"class_list":["post-1231","page","type-page","status-publish","hentry"],"acf":[],"yoast_head":"<!-- This site is optimized with the Yoast SEO plugin v26.6 - https:\/\/yoast.com\/wordpress\/plugins\/seo\/ -->\n<title>TF Bank Kreditkarte vergleichen | Geb\u00fchrenfrei, ideal f\u00fcr Reisen<\/title>\n<meta name=\"description\" content=\"TF Bank Kreditkarte ohne Jahresgeb\u00fchr: Weltweit bezahlen und Reiseversicherung nutzen. Jetzt passende Kreditkarte auf smava.de finden.\" \/>\n<meta name=\"robots\" content=\"index, follow, max-snippet:-1, max-image-preview:large, max-video-preview:-1\" \/>\n<link rel=\"canonical\" href=\"https:\/\/www.smava.de\/kreditkarte\/tf-bank\/\" \/>\n<meta property=\"og:locale\" content=\"de_DE\" \/>\n<meta property=\"og:type\" content=\"article\" \/>\n<meta property=\"og:title\" content=\"TF Bank Kreditkarte vergleichen | Geb\u00fchrenfrei, ideal f\u00fcr Reisen\" \/>\n<meta property=\"og:description\" content=\"TF Bank Kreditkarte ohne Jahresgeb\u00fchr: Weltweit bezahlen und Reiseversicherung nutzen. Jetzt passende Kreditkarte auf smava.de finden.\" \/>\n<meta property=\"og:url\" content=\"https:\/\/www.smava.de\/kreditkarte\/tf-bank\/\" \/>\n<meta property=\"og:site_name\" content=\"Kreditkarten\" \/>\n<meta property=\"article:modified_time\" content=\"2026-04-10T08:24:53+00:00\" \/>\n<meta name=\"twitter:card\" content=\"summary_large_image\" \/>\n<!-- \/ Yoast SEO plugin. -->","yoast_head_json":{"title":"TF Bank Kreditkarte vergleichen | Geb\u00fchrenfrei, ideal f\u00fcr Reisen","description":"TF Bank Kreditkarte ohne Jahresgeb\u00fchr: Weltweit bezahlen und Reiseversicherung nutzen. Jetzt passende Kreditkarte auf smava.de finden.","robots":{"index":"index","follow":"follow","max-snippet":"max-snippet:-1","max-image-preview":"max-image-preview:large","max-video-preview":"max-video-preview:-1"},"canonical":"https:\/\/www.smava.de\/kreditkarte\/tf-bank\/","og_locale":"de_DE","og_type":"article","og_title":"TF Bank Kreditkarte vergleichen | Geb\u00fchrenfrei, ideal f\u00fcr Reisen","og_description":"TF Bank Kreditkarte ohne Jahresgeb\u00fchr: Weltweit bezahlen und Reiseversicherung nutzen. Jetzt passende Kreditkarte auf smava.de finden.","og_url":"https:\/\/www.smava.de\/kreditkarte\/tf-bank\/","og_site_name":"Kreditkarten","article_modified_time":"2026-04-10T08:24:53+00:00","twitter_card":"summary_large_image","schema":{"@context":"https:\/\/schema.org","@graph":[{"@type":"WebPage","@id":"https:\/\/www.smava.de\/kreditkarte\/tf-bank\/","url":"https:\/\/www.smava.de\/kreditkarte\/tf-bank\/","name":"TF Bank Kreditkarte vergleichen | Geb\u00fchrenfrei, ideal f\u00fcr Reisen","isPartOf":{"@id":"https:\/\/www.smava.de\/kreditkarte\/#website"},"datePublished":"2026-03-05T10:40:18+00:00","dateModified":"2026-04-10T08:24:53+00:00","description":"TF Bank Kreditkarte ohne Jahresgeb\u00fchr: Weltweit bezahlen und Reiseversicherung nutzen. Jetzt passende Kreditkarte auf smava.de finden.","breadcrumb":{"@id":"https:\/\/www.smava.de\/kreditkarte\/tf-bank\/#breadcrumb"},"inLanguage":"de","potentialAction":[{"@type":"ReadAction","target":["https:\/\/www.smava.de\/kreditkarte\/tf-bank\/"]}]},{"@type":"BreadcrumbList","@id":"https:\/\/www.smava.de\/kreditkarte\/tf-bank\/#breadcrumb","itemListElement":[{"@type":"ListItem","position":1,"name":"Startseite","item":"https:\/\/www.smava.de\/kreditkarte\/"},{"@type":"ListItem","position":2,"name":"TF Bank"}]},{"@type":"WebSite","@id":"https:\/\/www.smava.de\/kreditkarte\/#website","url":"https:\/\/www.smava.de\/kreditkarte\/","name":"Kreditkarten","description":"","potentialAction":[{"@type":"SearchAction","target":{"@type":"EntryPoint","urlTemplate":"https:\/\/www.smava.de\/kreditkarte\/?s={search_term_string}"},"query-input":{"@type":"PropertyValueSpecification","valueRequired":true,"valueName":"search_term_string"}}],"inLanguage":"de"}]}},"_links":{"self":[{"href":"https:\/\/www.smava.de\/kreditkarte\/wp-json\/wp\/v2\/pages\/1231","targetHints":{"allow":["GET"]}}],"collection":[{"href":"https:\/\/www.smava.de\/kreditkarte\/wp-json\/wp\/v2\/pages"}],"about":[{"href":"https:\/\/www.smava.de\/kreditkarte\/wp-json\/wp\/v2\/types\/page"}],"author":[{"embeddable":true,"href":"https:\/\/www.smava.de\/kreditkarte\/wp-json\/wp\/v2\/users\/1"}],"replies":[{"embeddable":true,"href":"https:\/\/www.smava.de\/kreditkarte\/wp-json\/wp\/v2\/comments?post=1231"}],"version-history":[{"count":40,"href":"https:\/\/www.smava.de\/kreditkarte\/wp-json\/wp\/v2\/pages\/1231\/revisions"}],"predecessor-version":[{"id":1604,"href":"https:\/\/www.smava.de\/kreditkarte\/wp-json\/wp\/v2\/pages\/1231\/revisions\/1604"}],"wp:attachment":[{"href":"https:\/\/www.smava.de\/kreditkarte\/wp-json\/wp\/v2\/media?parent=1231"}],"curies":[{"name":"wp","href":"https:\/\/api.w.org\/{rel}","templated":true}]}}