{"id":1647,"date":"2026-04-22T10:40:16","date_gmt":"2026-04-22T08:40:16","guid":{"rendered":"https:\/\/www.smava.de\/kreditkarte\/?page_id=1647"},"modified":"2026-04-22T10:40:17","modified_gmt":"2026-04-22T08:40:17","slug":"welche-kreditkarte-passt-zu-mir","status":"publish","type":"page","link":"https:\/\/www.smava.de\/kreditkarte\/welche-kreditkarte-passt-zu-mir\/","title":{"rendered":"Welche Kreditkarte passt zu mir?"},"content":{"rendered":"","protected":false},"excerpt":{"rendered":"","protected":false},"author":1,"featured_media":0,"parent":0,"menu_order":0,"comment_status":"closed","ping_status":"closed","template":"page-lp-2019.php","meta":{"_acf_changed":false,"footnotes":""},"class_list":["post-1647","page","type-page","status-publish","hentry"],"acf":[],"yoast_head":"<!-- This site is optimized with the Yoast SEO plugin v26.6 - https:\/\/yoast.com\/wordpress\/plugins\/seo\/ -->\n<title>Kreditkarte nach Nutzungstyp w\u00e4hlen: Alltag, Reisen oder Business<\/title>\n<meta name=\"description\" content=\"Welche Kreditkarte passt zu Ihrem Nutzungsverhalten? smava erkl\u00e4rt, welche Karten sich f\u00fcr Alltag, Reisen oder gesch\u00e4ftliche Ausgaben eignenen.\" \/>\n<meta name=\"robots\" content=\"index, follow, max-snippet:-1, max-image-preview:large, max-video-preview:-1\" \/>\n<link rel=\"canonical\" href=\"https:\/\/www.smava.de\/kreditkarte\/welche-kreditkarte-passt-zu-mir\/\" \/>\n<meta property=\"og:locale\" content=\"de_DE\" \/>\n<meta property=\"og:type\" content=\"article\" \/>\n<meta property=\"og:title\" content=\"Kreditkarte nach Nutzungstyp w\u00e4hlen: Alltag, Reisen oder Business\" \/>\n<meta property=\"og:description\" content=\"Welche Kreditkarte passt zu Ihrem Nutzungsverhalten? smava erkl\u00e4rt, welche Karten sich f\u00fcr Alltag, Reisen oder gesch\u00e4ftliche Ausgaben eignenen.\" \/>\n<meta property=\"og:url\" content=\"https:\/\/www.smava.de\/kreditkarte\/welche-kreditkarte-passt-zu-mir\/\" \/>\n<meta property=\"og:site_name\" content=\"Kreditkarten\" \/>\n<meta property=\"article:modified_time\" content=\"2026-04-22T08:40:17+00:00\" \/>\n<meta name=\"twitter:card\" content=\"summary_large_image\" \/>\n<!-- \/ Yoast SEO plugin. -->","yoast_head_json":{"title":"Kreditkarte nach Nutzungstyp w\u00e4hlen: Alltag, Reisen oder Business","description":"Welche Kreditkarte passt zu Ihrem Nutzungsverhalten? smava erkl\u00e4rt, welche Karten sich f\u00fcr Alltag, Reisen oder gesch\u00e4ftliche Ausgaben eignenen.","robots":{"index":"index","follow":"follow","max-snippet":"max-snippet:-1","max-image-preview":"max-image-preview:large","max-video-preview":"max-video-preview:-1"},"canonical":"https:\/\/www.smava.de\/kreditkarte\/welche-kreditkarte-passt-zu-mir\/","og_locale":"de_DE","og_type":"article","og_title":"Kreditkarte nach Nutzungstyp w\u00e4hlen: Alltag, Reisen oder Business","og_description":"Welche Kreditkarte passt zu Ihrem Nutzungsverhalten? smava erkl\u00e4rt, welche Karten sich f\u00fcr Alltag, Reisen oder gesch\u00e4ftliche Ausgaben eignenen.","og_url":"https:\/\/www.smava.de\/kreditkarte\/welche-kreditkarte-passt-zu-mir\/","og_site_name":"Kreditkarten","article_modified_time":"2026-04-22T08:40:17+00:00","twitter_card":"summary_large_image","schema":{"@context":"https:\/\/schema.org","@graph":[{"@type":"WebPage","@id":"https:\/\/www.smava.de\/kreditkarte\/welche-kreditkarte-passt-zu-mir\/","url":"https:\/\/www.smava.de\/kreditkarte\/welche-kreditkarte-passt-zu-mir\/","name":"Kreditkarte nach Nutzungstyp w\u00e4hlen: Alltag, Reisen oder Business","isPartOf":{"@id":"https:\/\/www.smava.de\/kreditkarte\/#website"},"datePublished":"2026-04-22T08:40:16+00:00","dateModified":"2026-04-22T08:40:17+00:00","description":"Welche Kreditkarte passt zu Ihrem Nutzungsverhalten? smava erkl\u00e4rt, welche Karten sich f\u00fcr Alltag, Reisen oder gesch\u00e4ftliche Ausgaben eignenen.","breadcrumb":{"@id":"https:\/\/www.smava.de\/kreditkarte\/welche-kreditkarte-passt-zu-mir\/#breadcrumb"},"inLanguage":"de","potentialAction":[{"@type":"ReadAction","target":["https:\/\/www.smava.de\/kreditkarte\/welche-kreditkarte-passt-zu-mir\/"]}]},{"@type":"BreadcrumbList","@id":"https:\/\/www.smava.de\/kreditkarte\/welche-kreditkarte-passt-zu-mir\/#breadcrumb","itemListElement":[{"@type":"ListItem","position":1,"name":"Startseite","item":"https:\/\/www.smava.de\/kreditkarte\/"},{"@type":"ListItem","position":2,"name":"Welche Kreditkarte passt zu mir?"}]},{"@type":"WebSite","@id":"https:\/\/www.smava.de\/kreditkarte\/#website","url":"https:\/\/www.smava.de\/kreditkarte\/","name":"Kreditkarten","description":"","potentialAction":[{"@type":"SearchAction","target":{"@type":"EntryPoint","urlTemplate":"https:\/\/www.smava.de\/kreditkarte\/?s={search_term_string}"},"query-input":{"@type":"PropertyValueSpecification","valueRequired":true,"valueName":"search_term_string"}}],"inLanguage":"de"}]}},"_links":{"self":[{"href":"https:\/\/www.smava.de\/kreditkarte\/wp-json\/wp\/v2\/pages\/1647","targetHints":{"allow":["GET"]}}],"collection":[{"href":"https:\/\/www.smava.de\/kreditkarte\/wp-json\/wp\/v2\/pages"}],"about":[{"href":"https:\/\/www.smava.de\/kreditkarte\/wp-json\/wp\/v2\/types\/page"}],"author":[{"embeddable":true,"href":"https:\/\/www.smava.de\/kreditkarte\/wp-json\/wp\/v2\/users\/1"}],"replies":[{"embeddable":true,"href":"https:\/\/www.smava.de\/kreditkarte\/wp-json\/wp\/v2\/comments?post=1647"}],"version-history":[{"count":29,"href":"https:\/\/www.smava.de\/kreditkarte\/wp-json\/wp\/v2\/pages\/1647\/revisions"}],"predecessor-version":[{"id":1682,"href":"https:\/\/www.smava.de\/kreditkarte\/wp-json\/wp\/v2\/pages\/1647\/revisions\/1682"}],"wp:attachment":[{"href":"https:\/\/www.smava.de\/kreditkarte\/wp-json\/wp\/v2\/media?parent=1647"}],"curies":[{"name":"wp","href":"https:\/\/api.w.org\/{rel}","templated":true}]}}