{"id":18889,"date":"2020-02-10T14:42:50","date_gmt":"2020-02-10T13:42:50","guid":{"rendered":"https:\/\/privatkredit.smava.hostpress.me\/?page_id=18889"},"modified":"2023-11-16T10:03:40","modified_gmt":"2023-11-16T09:03:40","slug":"boxspringbett-finanzierung","status":"publish","type":"page","link":"https:\/\/www.smava.de\/privatkredit\/boxspringbett-finanzierung\/","title":{"rendered":"Boxspringbett Finanzierung"},"content":{"rendered":"","protected":false},"excerpt":{"rendered":"","protected":false},"author":1,"featured_media":0,"parent":0,"menu_order":0,"comment_status":"closed","ping_status":"closed","template":"page-lp-2019.php","meta":{"_acf_changed":false,"footnotes":""},"class_list":["post-18889","page","type-page","status-publish","hentry"],"acf":[],"yoast_head":"<!-- This site is optimized with the Yoast SEO plugin v26.3 - https:\/\/yoast.com\/wordpress\/plugins\/seo\/ -->\n<title>Boxspringbett g\u00fcnstig finanzieren per Ratenkredit | SMAVA<\/title>\n<meta name=\"description\" content=\"Boxspringbetten bieten einen hohen Wohlf\u00fchlfaktor, der aber auch seinen Preis hat. Erfahren Sie hier, wie Sie Ihr neues Boxspringbett g\u00fcnstig finanzieren!\" \/>\n<meta name=\"robots\" content=\"index, follow, max-snippet:-1, max-image-preview:large, max-video-preview:-1\" \/>\n<link rel=\"canonical\" href=\"https:\/\/www.smava.de\/privatkredit\/boxspringbett-finanzierung\/\" \/>\n<meta property=\"og:locale\" content=\"de_DE\" \/>\n<meta property=\"og:type\" content=\"article\" \/>\n<meta property=\"og:title\" content=\"Boxspringbett g\u00fcnstig finanzieren per Ratenkredit | SMAVA\" \/>\n<meta property=\"og:description\" content=\"Boxspringbetten bieten einen hohen Wohlf\u00fchlfaktor, der aber auch seinen Preis hat. Erfahren Sie hier, wie Sie Ihr neues Boxspringbett g\u00fcnstig finanzieren!\" \/>\n<meta property=\"og:url\" content=\"https:\/\/www.smava.de\/privatkredit\/boxspringbett-finanzierung\/\" \/>\n<meta property=\"og:site_name\" content=\"Privatkredit\" \/>\n<meta property=\"article:publisher\" content=\"https:\/\/www.facebook.com\/p\/smava-100064534726416\/\" \/>\n<meta property=\"article:modified_time\" content=\"2023-11-16T09:03:40+00:00\" \/>\n<!-- \/ Yoast SEO plugin. -->","yoast_head_json":{"title":"Boxspringbett g\u00fcnstig finanzieren per Ratenkredit | SMAVA","description":"Boxspringbetten bieten einen hohen Wohlf\u00fchlfaktor, der aber auch seinen Preis hat. Erfahren Sie hier, wie Sie Ihr neues Boxspringbett g\u00fcnstig finanzieren!","robots":{"index":"index","follow":"follow","max-snippet":"max-snippet:-1","max-image-preview":"max-image-preview:large","max-video-preview":"max-video-preview:-1"},"canonical":"https:\/\/www.smava.de\/privatkredit\/boxspringbett-finanzierung\/","og_locale":"de_DE","og_type":"article","og_title":"Boxspringbett g\u00fcnstig finanzieren per Ratenkredit | SMAVA","og_description":"Boxspringbetten bieten einen hohen Wohlf\u00fchlfaktor, der aber auch seinen Preis hat. Erfahren Sie hier, wie Sie Ihr neues Boxspringbett g\u00fcnstig finanzieren!","og_url":"https:\/\/www.smava.de\/privatkredit\/boxspringbett-finanzierung\/","og_site_name":"Privatkredit","article_publisher":"https:\/\/www.facebook.com\/p\/smava-100064534726416\/","article_modified_time":"2023-11-16T09:03:40+00:00","schema":{"@context":"https:\/\/schema.org","@graph":[{"@type":"WebPage","@id":"https:\/\/www.smava.de\/privatkredit\/boxspringbett-finanzierung\/","url":"https:\/\/www.smava.de\/privatkredit\/boxspringbett-finanzierung\/","name":"Boxspringbett g\u00fcnstig finanzieren per Ratenkredit | SMAVA","isPartOf":{"@id":"https:\/\/www.smava.de\/privatkredit\/#website"},"datePublished":"2020-02-10T13:42:50+00:00","dateModified":"2023-11-16T09:03:40+00:00","description":"Boxspringbetten bieten einen hohen Wohlf\u00fchlfaktor, der aber auch seinen Preis hat. Erfahren Sie hier, wie Sie Ihr neues Boxspringbett g\u00fcnstig finanzieren!","breadcrumb":{"@id":"https:\/\/www.smava.de\/privatkredit\/boxspringbett-finanzierung\/#breadcrumb"},"inLanguage":"de","potentialAction":[{"@type":"ReadAction","target":["https:\/\/www.smava.de\/privatkredit\/boxspringbett-finanzierung\/"]}]},{"@type":"BreadcrumbList","@id":"https:\/\/www.smava.de\/privatkredit\/boxspringbett-finanzierung\/#breadcrumb","itemListElement":[{"@type":"ListItem","position":1,"name":"Home","item":"https:\/\/www.smava.de\/privatkredit\/"},{"@type":"ListItem","position":2,"name":"Boxspringbett Finanzierung"}]},{"@type":"WebSite","@id":"https:\/\/www.smava.de\/privatkredit\/#website","url":"https:\/\/www.smava.de\/privatkredit\/","name":"smava","description":"","publisher":{"@id":"https:\/\/www.smava.de\/privatkredit\/#organization"},"potentialAction":[{"@type":"SearchAction","target":{"@type":"EntryPoint","urlTemplate":"https:\/\/www.smava.de\/privatkredit\/?s={search_term_string}"},"query-input":{"@type":"PropertyValueSpecification","valueRequired":true,"valueName":"search_term_string"}}],"inLanguage":"de"},{"@type":"Organization","@id":"https:\/\/www.smava.de\/privatkredit\/#organization","name":"smava GmbH","alternateName":"smava","url":"https:\/\/www.smava.de\/privatkredit\/","logo":{"@type":"ImageObject","inLanguage":"de","@id":"https:\/\/www.smava.de\/privatkredit\/#\/schema\/logo\/image\/","url":"https:\/\/www.smava.de\/privatkredit\/wp-content\/uploads\/2025\/10\/logo.png","contentUrl":"https:\/\/www.smava.de\/privatkredit\/wp-content\/uploads\/2025\/10\/logo.png","width":512,"height":557,"caption":"smava GmbH"},"image":{"@id":"https:\/\/www.smava.de\/privatkredit\/#\/schema\/logo\/image\/"},"sameAs":["https:\/\/www.facebook.com\/p\/smava-100064534726416\/","https:\/\/x.com\/smava","https:\/\/de.linkedin.com\/company\/smava","https:\/\/www.instagram.com\/smava_gmbh\/","https:\/\/www.youtube.com\/@smava."]}]}},"_links":{"self":[{"href":"https:\/\/www.smava.de\/privatkredit\/wp-json\/wp\/v2\/pages\/18889","targetHints":{"allow":["GET"]}}],"collection":[{"href":"https:\/\/www.smava.de\/privatkredit\/wp-json\/wp\/v2\/pages"}],"about":[{"href":"https:\/\/www.smava.de\/privatkredit\/wp-json\/wp\/v2\/types\/page"}],"author":[{"embeddable":true,"href":"https:\/\/www.smava.de\/privatkredit\/wp-json\/wp\/v2\/users\/1"}],"replies":[{"embeddable":true,"href":"https:\/\/www.smava.de\/privatkredit\/wp-json\/wp\/v2\/comments?post=18889"}],"version-history":[{"count":25,"href":"https:\/\/www.smava.de\/privatkredit\/wp-json\/wp\/v2\/pages\/18889\/revisions"}],"predecessor-version":[{"id":25858,"href":"https:\/\/www.smava.de\/privatkredit\/wp-json\/wp\/v2\/pages\/18889\/revisions\/25858"}],"wp:attachment":[{"href":"https:\/\/www.smava.de\/privatkredit\/wp-json\/wp\/v2\/media?parent=18889"}],"curies":[{"name":"wp","href":"https:\/\/api.w.org\/{rel}","templated":true}]}}