{"id":19412,"date":"2020-02-27T09:53:03","date_gmt":"2020-02-27T08:53:03","guid":{"rendered":"https:\/\/privatkredit.smava.hostpress.me\/?page_id=19412"},"modified":"2024-10-09T10:35:09","modified_gmt":"2024-10-09T08:35:09","slug":"schoenheits-op-kosten","status":"publish","type":"page","link":"https:\/\/www.smava.de\/privatkredit\/schoenheits-op-kosten\/","title":{"rendered":"Kosten f\u00fcr eine Sch\u00f6nheits-OP"},"content":{"rendered":"","protected":false},"excerpt":{"rendered":"","protected":false},"author":1,"featured_media":0,"parent":0,"menu_order":0,"comment_status":"closed","ping_status":"closed","template":"page-lp-2019.php","meta":{"_acf_changed":false,"footnotes":""},"class_list":["post-19412","page","type-page","status-publish","hentry"],"acf":[],"yoast_head":"<!-- This site is optimized with the Yoast SEO plugin v26.3 - https:\/\/yoast.com\/wordpress\/plugins\/seo\/ -->\n<title>Das kann eine Sch\u00f6nheits-OP je nach Eingriff kosten | SMAVA<\/title>\n<meta name=\"description\" content=\"Fettabsaugen, Brustvergr\u00f6\u00dferung oder Nasenkorrektur - Lesen Sie, was eine Sch\u00f6nheits-OP kosten kann und wie Sie die Behandlung finanzieren!\" \/>\n<meta name=\"robots\" content=\"index, follow, max-snippet:-1, max-image-preview:large, max-video-preview:-1\" \/>\n<link rel=\"canonical\" href=\"https:\/\/www.smava.de\/privatkredit\/schoenheits-op-kosten\/\" \/>\n<meta property=\"og:locale\" content=\"de_DE\" \/>\n<meta property=\"og:type\" content=\"article\" \/>\n<meta property=\"og:title\" content=\"Das kann eine Sch\u00f6nheits-OP je nach Eingriff kosten | SMAVA\" \/>\n<meta property=\"og:description\" content=\"Fettabsaugen, Brustvergr\u00f6\u00dferung oder Nasenkorrektur - Lesen Sie, was eine Sch\u00f6nheits-OP kosten kann und wie Sie die Behandlung finanzieren!\" \/>\n<meta property=\"og:url\" content=\"https:\/\/www.smava.de\/privatkredit\/schoenheits-op-kosten\/\" \/>\n<meta property=\"og:site_name\" content=\"Privatkredit\" \/>\n<meta property=\"article:publisher\" content=\"https:\/\/www.facebook.com\/p\/smava-100064534726416\/\" \/>\n<meta property=\"article:modified_time\" content=\"2024-10-09T08:35:09+00:00\" \/>\n<!-- \/ Yoast SEO plugin. -->","yoast_head_json":{"title":"Das kann eine Sch\u00f6nheits-OP je nach Eingriff kosten | SMAVA","description":"Fettabsaugen, Brustvergr\u00f6\u00dferung oder Nasenkorrektur - Lesen Sie, was eine Sch\u00f6nheits-OP kosten kann und wie Sie die Behandlung finanzieren!","robots":{"index":"index","follow":"follow","max-snippet":"max-snippet:-1","max-image-preview":"max-image-preview:large","max-video-preview":"max-video-preview:-1"},"canonical":"https:\/\/www.smava.de\/privatkredit\/schoenheits-op-kosten\/","og_locale":"de_DE","og_type":"article","og_title":"Das kann eine Sch\u00f6nheits-OP je nach Eingriff kosten | SMAVA","og_description":"Fettabsaugen, Brustvergr\u00f6\u00dferung oder Nasenkorrektur - Lesen Sie, was eine Sch\u00f6nheits-OP kosten kann und wie Sie die Behandlung finanzieren!","og_url":"https:\/\/www.smava.de\/privatkredit\/schoenheits-op-kosten\/","og_site_name":"Privatkredit","article_publisher":"https:\/\/www.facebook.com\/p\/smava-100064534726416\/","article_modified_time":"2024-10-09T08:35:09+00:00","schema":{"@context":"https:\/\/schema.org","@graph":[{"@type":"WebPage","@id":"https:\/\/www.smava.de\/privatkredit\/schoenheits-op-kosten\/","url":"https:\/\/www.smava.de\/privatkredit\/schoenheits-op-kosten\/","name":"Das kann eine Sch\u00f6nheits-OP je nach Eingriff kosten | SMAVA","isPartOf":{"@id":"https:\/\/www.smava.de\/privatkredit\/#website"},"datePublished":"2020-02-27T08:53:03+00:00","dateModified":"2024-10-09T08:35:09+00:00","description":"Fettabsaugen, Brustvergr\u00f6\u00dferung oder Nasenkorrektur - Lesen Sie, was eine Sch\u00f6nheits-OP kosten kann und wie Sie die Behandlung finanzieren!","breadcrumb":{"@id":"https:\/\/www.smava.de\/privatkredit\/schoenheits-op-kosten\/#breadcrumb"},"inLanguage":"de","potentialAction":[{"@type":"ReadAction","target":["https:\/\/www.smava.de\/privatkredit\/schoenheits-op-kosten\/"]}]},{"@type":"BreadcrumbList","@id":"https:\/\/www.smava.de\/privatkredit\/schoenheits-op-kosten\/#breadcrumb","itemListElement":[{"@type":"ListItem","position":1,"name":"Home","item":"https:\/\/www.smava.de\/privatkredit\/"},{"@type":"ListItem","position":2,"name":"Kosten f\u00fcr eine Sch\u00f6nheits-OP"}]},{"@type":"WebSite","@id":"https:\/\/www.smava.de\/privatkredit\/#website","url":"https:\/\/www.smava.de\/privatkredit\/","name":"smava","description":"","publisher":{"@id":"https:\/\/www.smava.de\/privatkredit\/#organization"},"potentialAction":[{"@type":"SearchAction","target":{"@type":"EntryPoint","urlTemplate":"https:\/\/www.smava.de\/privatkredit\/?s={search_term_string}"},"query-input":{"@type":"PropertyValueSpecification","valueRequired":true,"valueName":"search_term_string"}}],"inLanguage":"de"},{"@type":"Organization","@id":"https:\/\/www.smava.de\/privatkredit\/#organization","name":"smava GmbH","alternateName":"smava","url":"https:\/\/www.smava.de\/privatkredit\/","logo":{"@type":"ImageObject","inLanguage":"de","@id":"https:\/\/www.smava.de\/privatkredit\/#\/schema\/logo\/image\/","url":"https:\/\/www.smava.de\/privatkredit\/wp-content\/uploads\/2025\/10\/logo.png","contentUrl":"https:\/\/www.smava.de\/privatkredit\/wp-content\/uploads\/2025\/10\/logo.png","width":512,"height":557,"caption":"smava GmbH"},"image":{"@id":"https:\/\/www.smava.de\/privatkredit\/#\/schema\/logo\/image\/"},"sameAs":["https:\/\/www.facebook.com\/p\/smava-100064534726416\/","https:\/\/x.com\/smava","https:\/\/de.linkedin.com\/company\/smava","https:\/\/www.instagram.com\/smava_gmbh\/","https:\/\/www.youtube.com\/@smava."]}]}},"_links":{"self":[{"href":"https:\/\/www.smava.de\/privatkredit\/wp-json\/wp\/v2\/pages\/19412","targetHints":{"allow":["GET"]}}],"collection":[{"href":"https:\/\/www.smava.de\/privatkredit\/wp-json\/wp\/v2\/pages"}],"about":[{"href":"https:\/\/www.smava.de\/privatkredit\/wp-json\/wp\/v2\/types\/page"}],"author":[{"embeddable":true,"href":"https:\/\/www.smava.de\/privatkredit\/wp-json\/wp\/v2\/users\/1"}],"replies":[{"embeddable":true,"href":"https:\/\/www.smava.de\/privatkredit\/wp-json\/wp\/v2\/comments?post=19412"}],"version-history":[{"count":23,"href":"https:\/\/www.smava.de\/privatkredit\/wp-json\/wp\/v2\/pages\/19412\/revisions"}],"predecessor-version":[{"id":25899,"href":"https:\/\/www.smava.de\/privatkredit\/wp-json\/wp\/v2\/pages\/19412\/revisions\/25899"}],"wp:attachment":[{"href":"https:\/\/www.smava.de\/privatkredit\/wp-json\/wp\/v2\/media?parent=19412"}],"curies":[{"name":"wp","href":"https:\/\/api.w.org\/{rel}","templated":true}]}}