{"id":20874,"date":"2020-03-31T16:54:52","date_gmt":"2020-03-31T14:54:52","guid":{"rendered":"https:\/\/umschuldung.smava.hostpress.me\/?page_id=20874"},"modified":"2026-02-24T15:54:03","modified_gmt":"2026-02-24T14:54:03","slug":"umschuldung-sinnvoll","status":"publish","type":"page","link":"https:\/\/www.smava.de\/umschuldung\/umschuldung-sinnvoll\/","title":{"rendered":"Wann ist eine Umschuldung sinnvoll"},"content":{"rendered":"","protected":false},"excerpt":{"rendered":"","protected":false},"author":1,"featured_media":0,"parent":0,"menu_order":0,"comment_status":"closed","ping_status":"closed","template":"page-lp-2019.php","meta":{"_acf_changed":false,"footnotes":""},"class_list":["post-20874","page","type-page","status-publish","hentry"],"acf":[],"yoast_head":"<!-- This site is optimized with the Yoast SEO plugin v26.3 - https:\/\/yoast.com\/wordpress\/plugins\/seo\/ -->\n<title>Wann ist eine Umschuldung beim Kredit sinnvoll? | SMAVA<\/title>\n<meta name=\"description\" content=\"Mit Ihrem verf\u00fcgbaren Einkommen k\u00f6nnen Sie bestehende Kredite nicht mehr decken? Oder Sie m\u00f6chten einfach Geld sparen? Dann ist eine Umschuldung sinnvoll!\" \/>\n<meta name=\"robots\" content=\"index, follow, max-snippet:-1, max-image-preview:large, max-video-preview:-1\" \/>\n<link rel=\"canonical\" href=\"https:\/\/www.smava.de\/umschuldung\/umschuldung-sinnvoll\/\" \/>\n<meta property=\"og:locale\" content=\"de_DE\" \/>\n<meta property=\"og:type\" content=\"article\" \/>\n<meta property=\"og:title\" content=\"Wann ist eine Umschuldung beim Kredit sinnvoll? | SMAVA\" \/>\n<meta property=\"og:description\" content=\"Mit Ihrem verf\u00fcgbaren Einkommen k\u00f6nnen Sie bestehende Kredite nicht mehr decken? Oder Sie m\u00f6chten einfach Geld sparen? Dann ist eine Umschuldung sinnvoll!\" \/>\n<meta property=\"og:url\" content=\"https:\/\/www.smava.de\/umschuldung\/umschuldung-sinnvoll\/\" \/>\n<meta property=\"og:site_name\" content=\"Umschuldung\" \/>\n<meta property=\"article:publisher\" content=\"https:\/\/www.facebook.com\/p\/smava-100064534726416\/\" \/>\n<meta property=\"article:modified_time\" content=\"2026-02-24T14:54:03+00:00\" \/>\n<!-- \/ Yoast SEO plugin. -->","yoast_head_json":{"title":"Wann ist eine Umschuldung beim Kredit sinnvoll? | SMAVA","description":"Mit Ihrem verf\u00fcgbaren Einkommen k\u00f6nnen Sie bestehende Kredite nicht mehr decken? Oder Sie m\u00f6chten einfach Geld sparen? Dann ist eine Umschuldung sinnvoll!","robots":{"index":"index","follow":"follow","max-snippet":"max-snippet:-1","max-image-preview":"max-image-preview:large","max-video-preview":"max-video-preview:-1"},"canonical":"https:\/\/www.smava.de\/umschuldung\/umschuldung-sinnvoll\/","og_locale":"de_DE","og_type":"article","og_title":"Wann ist eine Umschuldung beim Kredit sinnvoll? | SMAVA","og_description":"Mit Ihrem verf\u00fcgbaren Einkommen k\u00f6nnen Sie bestehende Kredite nicht mehr decken? Oder Sie m\u00f6chten einfach Geld sparen? Dann ist eine Umschuldung sinnvoll!","og_url":"https:\/\/www.smava.de\/umschuldung\/umschuldung-sinnvoll\/","og_site_name":"Umschuldung","article_publisher":"https:\/\/www.facebook.com\/p\/smava-100064534726416\/","article_modified_time":"2026-02-24T14:54:03+00:00","schema":{"@context":"https:\/\/schema.org","@graph":[{"@type":"WebPage","@id":"https:\/\/www.smava.de\/umschuldung\/umschuldung-sinnvoll\/","url":"https:\/\/www.smava.de\/umschuldung\/umschuldung-sinnvoll\/","name":"Wann ist eine Umschuldung beim Kredit sinnvoll? | SMAVA","isPartOf":{"@id":"https:\/\/www.smava.de\/umschuldung\/#website"},"datePublished":"2020-03-31T14:54:52+00:00","dateModified":"2026-02-24T14:54:03+00:00","description":"Mit Ihrem verf\u00fcgbaren Einkommen k\u00f6nnen Sie bestehende Kredite nicht mehr decken? Oder Sie m\u00f6chten einfach Geld sparen? Dann ist eine Umschuldung sinnvoll!","breadcrumb":{"@id":"https:\/\/www.smava.de\/umschuldung\/umschuldung-sinnvoll\/#breadcrumb"},"inLanguage":"de","potentialAction":[{"@type":"ReadAction","target":["https:\/\/www.smava.de\/umschuldung\/umschuldung-sinnvoll\/"]}]},{"@type":"BreadcrumbList","@id":"https:\/\/www.smava.de\/umschuldung\/umschuldung-sinnvoll\/#breadcrumb","itemListElement":[{"@type":"ListItem","position":1,"name":"Home","item":"https:\/\/www.smava.de\/umschuldung\/"},{"@type":"ListItem","position":2,"name":"Wann ist eine Umschuldung sinnvoll"}]},{"@type":"WebSite","@id":"https:\/\/www.smava.de\/umschuldung\/#website","url":"https:\/\/www.smava.de\/umschuldung\/","name":"smava","description":"tbd2","publisher":{"@id":"https:\/\/www.smava.de\/umschuldung\/#organization"},"potentialAction":[{"@type":"SearchAction","target":{"@type":"EntryPoint","urlTemplate":"https:\/\/www.smava.de\/umschuldung\/?s={search_term_string}"},"query-input":{"@type":"PropertyValueSpecification","valueRequired":true,"valueName":"search_term_string"}}],"inLanguage":"de"},{"@type":"Organization","@id":"https:\/\/www.smava.de\/umschuldung\/#organization","name":"smava GmbH","alternateName":"smava","url":"https:\/\/www.smava.de\/umschuldung\/","logo":{"@type":"ImageObject","inLanguage":"de","@id":"https:\/\/www.smava.de\/umschuldung\/#\/schema\/logo\/image\/","url":"https:\/\/www.smava.de\/umschuldung\/wp-content\/uploads\/2025\/10\/logo.png","contentUrl":"https:\/\/www.smava.de\/umschuldung\/wp-content\/uploads\/2025\/10\/logo.png","width":512,"height":557,"caption":"smava GmbH"},"image":{"@id":"https:\/\/www.smava.de\/umschuldung\/#\/schema\/logo\/image\/"},"sameAs":["https:\/\/www.facebook.com\/p\/smava-100064534726416\/","https:\/\/x.com\/smava","https:\/\/de.linkedin.com\/company\/smava","https:\/\/www.instagram.com\/smava_gmbh\/","https:\/\/www.youtube.com\/@smava."]}]}},"_links":{"self":[{"href":"https:\/\/www.smava.de\/umschuldung\/wp-json\/wp\/v2\/pages\/20874","targetHints":{"allow":["GET"]}}],"collection":[{"href":"https:\/\/www.smava.de\/umschuldung\/wp-json\/wp\/v2\/pages"}],"about":[{"href":"https:\/\/www.smava.de\/umschuldung\/wp-json\/wp\/v2\/types\/page"}],"author":[{"embeddable":true,"href":"https:\/\/www.smava.de\/umschuldung\/wp-json\/wp\/v2\/users\/1"}],"replies":[{"embeddable":true,"href":"https:\/\/www.smava.de\/umschuldung\/wp-json\/wp\/v2\/comments?post=20874"}],"version-history":[{"count":7,"href":"https:\/\/www.smava.de\/umschuldung\/wp-json\/wp\/v2\/pages\/20874\/revisions"}],"predecessor-version":[{"id":22901,"href":"https:\/\/www.smava.de\/umschuldung\/wp-json\/wp\/v2\/pages\/20874\/revisions\/22901"}],"wp:attachment":[{"href":"https:\/\/www.smava.de\/umschuldung\/wp-json\/wp\/v2\/media?parent=20874"}],"curies":[{"name":"wp","href":"https:\/\/api.w.org\/{rel}","templated":true}]}}