{"id":6863,"date":"2019-12-04T15:18:55","date_gmt":"2019-12-04T14:18:55","guid":{"rendered":"https:\/\/umschuldung.smava.hostpress.me\/?page_id=6863"},"modified":"2025-12-09T13:34:33","modified_gmt":"2025-12-09T12:34:33","slug":"schulden-vor-der-ehe","status":"publish","type":"page","link":"https:\/\/www.smava.de\/umschuldung\/schulden-vor-der-ehe\/","title":{"rendered":"Schulden vor der Ehe"},"content":{"rendered":"","protected":false},"excerpt":{"rendered":"","protected":false},"author":2,"featured_media":0,"parent":0,"menu_order":0,"comment_status":"closed","ping_status":"closed","template":"page-lp-2019.php","meta":{"_acf_changed":false,"footnotes":""},"class_list":["post-6863","page","type-page","status-publish","hentry"],"acf":[],"yoast_head":"<!-- This site is optimized with the Yoast SEO plugin v26.3 - https:\/\/yoast.com\/wordpress\/plugins\/seo\/ -->\n<title>Haftet auch der Ehepartner bei Schulden vor der Ehe? | SMAVA<\/title>\n<meta name=\"description\" content=\"Werden Schulden nach der Eheschlie\u00dfung \u00fcbertragen? Wer zahlt in welchen F\u00e4llen und wer nicht? In diesem Artikel erfahren Sie mehr!\" \/>\n<meta name=\"robots\" content=\"index, follow, max-snippet:-1, max-image-preview:large, max-video-preview:-1\" \/>\n<link rel=\"canonical\" href=\"https:\/\/www.smava.de\/umschuldung\/schulden-vor-der-ehe\/\" \/>\n<meta property=\"og:locale\" content=\"de_DE\" \/>\n<meta property=\"og:type\" content=\"article\" \/>\n<meta property=\"og:title\" content=\"Haftet auch der Ehepartner bei Schulden vor der Ehe? | SMAVA\" \/>\n<meta property=\"og:description\" content=\"Werden Schulden nach der Eheschlie\u00dfung \u00fcbertragen? Wer zahlt in welchen F\u00e4llen und wer nicht? In diesem Artikel erfahren Sie mehr!\" \/>\n<meta property=\"og:url\" content=\"https:\/\/www.smava.de\/umschuldung\/schulden-vor-der-ehe\/\" \/>\n<meta property=\"og:site_name\" content=\"Umschuldung\" \/>\n<meta property=\"article:publisher\" content=\"https:\/\/www.facebook.com\/p\/smava-100064534726416\/\" \/>\n<meta property=\"article:modified_time\" content=\"2025-12-09T12:34:33+00:00\" \/>\n<!-- \/ Yoast SEO plugin. -->","yoast_head_json":{"title":"Haftet auch der Ehepartner bei Schulden vor der Ehe? | SMAVA","description":"Werden Schulden nach der Eheschlie\u00dfung \u00fcbertragen? Wer zahlt in welchen F\u00e4llen und wer nicht? In diesem Artikel erfahren Sie mehr!","robots":{"index":"index","follow":"follow","max-snippet":"max-snippet:-1","max-image-preview":"max-image-preview:large","max-video-preview":"max-video-preview:-1"},"canonical":"https:\/\/www.smava.de\/umschuldung\/schulden-vor-der-ehe\/","og_locale":"de_DE","og_type":"article","og_title":"Haftet auch der Ehepartner bei Schulden vor der Ehe? | SMAVA","og_description":"Werden Schulden nach der Eheschlie\u00dfung \u00fcbertragen? Wer zahlt in welchen F\u00e4llen und wer nicht? In diesem Artikel erfahren Sie mehr!","og_url":"https:\/\/www.smava.de\/umschuldung\/schulden-vor-der-ehe\/","og_site_name":"Umschuldung","article_publisher":"https:\/\/www.facebook.com\/p\/smava-100064534726416\/","article_modified_time":"2025-12-09T12:34:33+00:00","schema":{"@context":"https:\/\/schema.org","@graph":[{"@type":"WebPage","@id":"https:\/\/www.smava.de\/umschuldung\/schulden-vor-der-ehe\/","url":"https:\/\/www.smava.de\/umschuldung\/schulden-vor-der-ehe\/","name":"Haftet auch der Ehepartner bei Schulden vor der Ehe? | SMAVA","isPartOf":{"@id":"https:\/\/www.smava.de\/umschuldung\/#website"},"datePublished":"2019-12-04T14:18:55+00:00","dateModified":"2025-12-09T12:34:33+00:00","description":"Werden Schulden nach der Eheschlie\u00dfung \u00fcbertragen? Wer zahlt in welchen F\u00e4llen und wer nicht? In diesem Artikel erfahren Sie mehr!","breadcrumb":{"@id":"https:\/\/www.smava.de\/umschuldung\/schulden-vor-der-ehe\/#breadcrumb"},"inLanguage":"de","potentialAction":[{"@type":"ReadAction","target":["https:\/\/www.smava.de\/umschuldung\/schulden-vor-der-ehe\/"]}]},{"@type":"BreadcrumbList","@id":"https:\/\/www.smava.de\/umschuldung\/schulden-vor-der-ehe\/#breadcrumb","itemListElement":[{"@type":"ListItem","position":1,"name":"Home","item":"https:\/\/www.smava.de\/umschuldung\/"},{"@type":"ListItem","position":2,"name":"Schulden vor der Ehe"}]},{"@type":"WebSite","@id":"https:\/\/www.smava.de\/umschuldung\/#website","url":"https:\/\/www.smava.de\/umschuldung\/","name":"smava","description":"tbd2","publisher":{"@id":"https:\/\/www.smava.de\/umschuldung\/#organization"},"potentialAction":[{"@type":"SearchAction","target":{"@type":"EntryPoint","urlTemplate":"https:\/\/www.smava.de\/umschuldung\/?s={search_term_string}"},"query-input":{"@type":"PropertyValueSpecification","valueRequired":true,"valueName":"search_term_string"}}],"inLanguage":"de"},{"@type":"Organization","@id":"https:\/\/www.smava.de\/umschuldung\/#organization","name":"smava GmbH","alternateName":"smava","url":"https:\/\/www.smava.de\/umschuldung\/","logo":{"@type":"ImageObject","inLanguage":"de","@id":"https:\/\/www.smava.de\/umschuldung\/#\/schema\/logo\/image\/","url":"https:\/\/www.smava.de\/umschuldung\/wp-content\/uploads\/2025\/10\/logo.png","contentUrl":"https:\/\/www.smava.de\/umschuldung\/wp-content\/uploads\/2025\/10\/logo.png","width":512,"height":557,"caption":"smava GmbH"},"image":{"@id":"https:\/\/www.smava.de\/umschuldung\/#\/schema\/logo\/image\/"},"sameAs":["https:\/\/www.facebook.com\/p\/smava-100064534726416\/","https:\/\/x.com\/smava","https:\/\/de.linkedin.com\/company\/smava","https:\/\/www.instagram.com\/smava_gmbh\/","https:\/\/www.youtube.com\/@smava."]}]}},"_links":{"self":[{"href":"https:\/\/www.smava.de\/umschuldung\/wp-json\/wp\/v2\/pages\/6863","targetHints":{"allow":["GET"]}}],"collection":[{"href":"https:\/\/www.smava.de\/umschuldung\/wp-json\/wp\/v2\/pages"}],"about":[{"href":"https:\/\/www.smava.de\/umschuldung\/wp-json\/wp\/v2\/types\/page"}],"author":[{"embeddable":true,"href":"https:\/\/www.smava.de\/umschuldung\/wp-json\/wp\/v2\/users\/2"}],"replies":[{"embeddable":true,"href":"https:\/\/www.smava.de\/umschuldung\/wp-json\/wp\/v2\/comments?post=6863"}],"version-history":[{"count":5,"href":"https:\/\/www.smava.de\/umschuldung\/wp-json\/wp\/v2\/pages\/6863\/revisions"}],"predecessor-version":[{"id":22829,"href":"https:\/\/www.smava.de\/umschuldung\/wp-json\/wp\/v2\/pages\/6863\/revisions\/22829"}],"wp:attachment":[{"href":"https:\/\/www.smava.de\/umschuldung\/wp-json\/wp\/v2\/media?parent=6863"}],"curies":[{"name":"wp","href":"https:\/\/api.w.org\/{rel}","templated":true}]}}