{"id":7015,"date":"2020-01-07T16:44:53","date_gmt":"2020-01-07T15:44:53","guid":{"rendered":"https:\/\/umschuldung.smava.hostpress.me\/?page_id=7015"},"modified":"2025-12-03T15:35:44","modified_gmt":"2025-12-03T14:35:44","slug":"haushaltsbuch-fuehren","status":"publish","type":"page","link":"https:\/\/www.smava.de\/umschuldung\/haushaltsbuch-fuehren\/","title":{"rendered":"Haushaltsbuch"},"content":{"rendered":"","protected":false},"excerpt":{"rendered":"","protected":false},"author":1,"featured_media":0,"parent":0,"menu_order":0,"comment_status":"closed","ping_status":"closed","template":"page-lp-2019.php","meta":{"_acf_changed":false,"footnotes":""},"class_list":["post-7015","page","type-page","status-publish","hentry"],"acf":[],"yoast_head":"<!-- This site is optimized with the Yoast SEO plugin v26.3 - https:\/\/yoast.com\/wordpress\/plugins\/seo\/ -->\n<title>Haushaltsbuch f\u00fchren und Finanzen \u00fcberblicken | SMAVA<\/title>\n<meta name=\"description\" content=\"Ein Haushaltsbuch sorgt f\u00fcr Transparenz bei den Einnahmen und Ausgaben und hilft Ihnen beim Sparen. Lesen Sie hier alles Wichtige dazu!\" \/>\n<meta name=\"robots\" content=\"index, follow, max-snippet:-1, max-image-preview:large, max-video-preview:-1\" \/>\n<link rel=\"canonical\" href=\"https:\/\/www.smava.de\/umschuldung\/haushaltsbuch-fuehren\/\" \/>\n<meta property=\"og:locale\" content=\"de_DE\" \/>\n<meta property=\"og:type\" content=\"article\" \/>\n<meta property=\"og:title\" content=\"Haushaltsbuch f\u00fchren und Finanzen \u00fcberblicken | SMAVA\" \/>\n<meta property=\"og:description\" content=\"Ein Haushaltsbuch sorgt f\u00fcr Transparenz bei den Einnahmen und Ausgaben und hilft Ihnen beim Sparen. Lesen Sie hier alles Wichtige dazu!\" \/>\n<meta property=\"og:url\" content=\"https:\/\/www.smava.de\/umschuldung\/haushaltsbuch-fuehren\/\" \/>\n<meta property=\"og:site_name\" content=\"Umschuldung\" \/>\n<meta property=\"article:publisher\" content=\"https:\/\/www.facebook.com\/p\/smava-100064534726416\/\" \/>\n<meta property=\"article:modified_time\" content=\"2025-12-03T14:35:44+00:00\" \/>\n<!-- \/ Yoast SEO plugin. -->","yoast_head_json":{"title":"Haushaltsbuch f\u00fchren und Finanzen \u00fcberblicken | SMAVA","description":"Ein Haushaltsbuch sorgt f\u00fcr Transparenz bei den Einnahmen und Ausgaben und hilft Ihnen beim Sparen. Lesen Sie hier alles Wichtige dazu!","robots":{"index":"index","follow":"follow","max-snippet":"max-snippet:-1","max-image-preview":"max-image-preview:large","max-video-preview":"max-video-preview:-1"},"canonical":"https:\/\/www.smava.de\/umschuldung\/haushaltsbuch-fuehren\/","og_locale":"de_DE","og_type":"article","og_title":"Haushaltsbuch f\u00fchren und Finanzen \u00fcberblicken | SMAVA","og_description":"Ein Haushaltsbuch sorgt f\u00fcr Transparenz bei den Einnahmen und Ausgaben und hilft Ihnen beim Sparen. Lesen Sie hier alles Wichtige dazu!","og_url":"https:\/\/www.smava.de\/umschuldung\/haushaltsbuch-fuehren\/","og_site_name":"Umschuldung","article_publisher":"https:\/\/www.facebook.com\/p\/smava-100064534726416\/","article_modified_time":"2025-12-03T14:35:44+00:00","schema":{"@context":"https:\/\/schema.org","@graph":[{"@type":"WebPage","@id":"https:\/\/www.smava.de\/umschuldung\/haushaltsbuch-fuehren\/","url":"https:\/\/www.smava.de\/umschuldung\/haushaltsbuch-fuehren\/","name":"Haushaltsbuch f\u00fchren und Finanzen \u00fcberblicken | SMAVA","isPartOf":{"@id":"https:\/\/www.smava.de\/umschuldung\/#website"},"datePublished":"2020-01-07T15:44:53+00:00","dateModified":"2025-12-03T14:35:44+00:00","description":"Ein Haushaltsbuch sorgt f\u00fcr Transparenz bei den Einnahmen und Ausgaben und hilft Ihnen beim Sparen. Lesen Sie hier alles Wichtige dazu!","breadcrumb":{"@id":"https:\/\/www.smava.de\/umschuldung\/haushaltsbuch-fuehren\/#breadcrumb"},"inLanguage":"de","potentialAction":[{"@type":"ReadAction","target":["https:\/\/www.smava.de\/umschuldung\/haushaltsbuch-fuehren\/"]}]},{"@type":"BreadcrumbList","@id":"https:\/\/www.smava.de\/umschuldung\/haushaltsbuch-fuehren\/#breadcrumb","itemListElement":[{"@type":"ListItem","position":1,"name":"Home","item":"https:\/\/www.smava.de\/umschuldung\/"},{"@type":"ListItem","position":2,"name":"Haushaltsbuch"}]},{"@type":"WebSite","@id":"https:\/\/www.smava.de\/umschuldung\/#website","url":"https:\/\/www.smava.de\/umschuldung\/","name":"smava","description":"tbd2","publisher":{"@id":"https:\/\/www.smava.de\/umschuldung\/#organization"},"potentialAction":[{"@type":"SearchAction","target":{"@type":"EntryPoint","urlTemplate":"https:\/\/www.smava.de\/umschuldung\/?s={search_term_string}"},"query-input":{"@type":"PropertyValueSpecification","valueRequired":true,"valueName":"search_term_string"}}],"inLanguage":"de"},{"@type":"Organization","@id":"https:\/\/www.smava.de\/umschuldung\/#organization","name":"smava GmbH","alternateName":"smava","url":"https:\/\/www.smava.de\/umschuldung\/","logo":{"@type":"ImageObject","inLanguage":"de","@id":"https:\/\/www.smava.de\/umschuldung\/#\/schema\/logo\/image\/","url":"https:\/\/www.smava.de\/umschuldung\/wp-content\/uploads\/2025\/10\/logo.png","contentUrl":"https:\/\/www.smava.de\/umschuldung\/wp-content\/uploads\/2025\/10\/logo.png","width":512,"height":557,"caption":"smava GmbH"},"image":{"@id":"https:\/\/www.smava.de\/umschuldung\/#\/schema\/logo\/image\/"},"sameAs":["https:\/\/www.facebook.com\/p\/smava-100064534726416\/","https:\/\/x.com\/smava","https:\/\/de.linkedin.com\/company\/smava","https:\/\/www.instagram.com\/smava_gmbh\/","https:\/\/www.youtube.com\/@smava."]}]}},"_links":{"self":[{"href":"https:\/\/www.smava.de\/umschuldung\/wp-json\/wp\/v2\/pages\/7015","targetHints":{"allow":["GET"]}}],"collection":[{"href":"https:\/\/www.smava.de\/umschuldung\/wp-json\/wp\/v2\/pages"}],"about":[{"href":"https:\/\/www.smava.de\/umschuldung\/wp-json\/wp\/v2\/types\/page"}],"author":[{"embeddable":true,"href":"https:\/\/www.smava.de\/umschuldung\/wp-json\/wp\/v2\/users\/1"}],"replies":[{"embeddable":true,"href":"https:\/\/www.smava.de\/umschuldung\/wp-json\/wp\/v2\/comments?post=7015"}],"version-history":[{"count":14,"href":"https:\/\/www.smava.de\/umschuldung\/wp-json\/wp\/v2\/pages\/7015\/revisions"}],"predecessor-version":[{"id":22807,"href":"https:\/\/www.smava.de\/umschuldung\/wp-json\/wp\/v2\/pages\/7015\/revisions\/22807"}],"wp:attachment":[{"href":"https:\/\/www.smava.de\/umschuldung\/wp-json\/wp\/v2\/media?parent=7015"}],"curies":[{"name":"wp","href":"https:\/\/api.w.org\/{rel}","templated":true}]}}